{"id":234497,"date":"2022-09-24T10:30:39","date_gmt":"2022-09-24T08:30:39","guid":{"rendered":"http:\/\/rool.be\/?page_id=234497"},"modified":"2025-05-13T15:29:14","modified_gmt":"2025-05-13T13:29:14","slug":"comment-attacher-la-remorque-willy-a-mon-velo","status":"publish","type":"page","link":"https:\/\/rool.be\/en\/comment-attacher-la-remorque-willy-a-mon-velo\/","title":{"rendered":"How do I attach Willy to my bike?"},"content":{"rendered":"<p>[et_pb_section fb_built=&#8221;1&#8243; custom_padding_last_edited=&#8221;on|phone&#8221; _builder_version=&#8221;4.18.0&#8243; _module_preset=&#8221;default&#8221; custom_padding=&#8221;63px||120px||false|false&#8221; custom_padding_tablet=&#8221;90px||120px||false|false&#8221; custom_padding_phone=&#8221;45px||45px||false|false&#8221; global_colors_info=&#8221;{}&#8221;][et_pb_row _builder_version=&#8221;4.18.0&#8243; _module_preset=&#8221;default&#8221; width_tablet=&#8221;&#8221; width_phone=&#8221;90%&#8221; width_last_edited=&#8221;on|phone&#8221; max_width=&#8221;2560px&#8221; custom_padding=&#8221;||0px||false|false&#8221; global_colors_info=&#8221;{}&#8221;][et_pb_column type=&#8221;4_4&#8243; _builder_version=&#8221;4.18.0&#8243; _module_preset=&#8221;default&#8221; global_colors_info=&#8221;{}&#8221;][et_pb_text content_tablet=&#8221;<\/p>\n<p style=\"%22font-weight:\" 600; text-align: center;%22>How do I attach Willy to my bike?<\/p>\n<p>&#8221; content_phone=&#8221;<\/p>\n<p style=\"%22font-weight:\" 600; text-align: left;%22>How do I attach Willy to my bike?<\/p>\n<p>&#8221; content_last_edited=&#8221;on|phone&#8221; _builder_version=&#8221;4.18.0&#8243; _module_preset=&#8221;default&#8221; text_text_color=&#8221;#000000&#8243; text_font_size=&#8221;5rem&#8221; text_line_height=&#8221;0.9em&#8221; header_font=&#8221;||||||||&#8221; custom_padding=&#8221;||4vh||false|false&#8221; text_font_size_tablet=&#8221;5rem&#8221; text_font_size_phone=&#8221;4rem&#8221; text_font_size_last_edited=&#8221;on|phone&#8221; global_colors_info=&#8221;{}&#8221;]<\/p>\n<p style=\"font-weight: 600; text-align: center;\">How do I attach Willy to my bike?<\/p>\n<p>[\/et_pb_text][\/et_pb_column][\/et_pb_row][et_pb_row _builder_version=&#8221;4.18.0&#8243; _module_preset=&#8221;default&#8221; width=&#8221;34%&#8221; width_tablet=&#8221;70%&#8221; width_phone=&#8221;75%&#8221; width_last_edited=&#8221;on|tablet&#8221; module_alignment=&#8221;center&#8221; custom_padding=&#8221;0px||0px||true|false&#8221; global_colors_info=&#8221;{}&#8221;][et_pb_column type=&#8221;4_4&#8243; _builder_version=&#8221;4.18.0&#8243; _module_preset=&#8221;default&#8221; global_colors_info=&#8221;{}&#8221;][et_pb_text _builder_version=&#8221;4.18.0&#8243; _module_preset=&#8221;default&#8221; global_colors_info=&#8221;{}&#8221;][\/et_pb_text][\/et_pb_column][\/et_pb_row][et_pb_row custom_padding_last_edited=&#8221;on|phone&#8221; _builder_version=&#8221;4.18.0&#8243; _module_preset=&#8221;default&#8221; width_tablet=&#8221;&#8221; width_phone=&#8221;90%&#8221; width_last_edited=&#8221;on|phone&#8221; max_width=&#8221;2560px&#8221; custom_padding=&#8221;||0px||false|false&#8221; custom_padding_tablet=&#8221;||0px||false|false&#8221; custom_padding_phone=&#8221;0px||||false|false&#8221; global_colors_info=&#8221;{}&#8221;][et_pb_column type=&#8221;4_4&#8243; _builder_version=&#8221;4.18.0&#8243; _module_preset=&#8221;default&#8221; global_colors_info=&#8221;{}&#8221;][et_pb_video src=&#8221;https:\/\/youtu.be\/eLyNR3GtdC0&#8243; image_src=&#8221;https:\/\/rool.be\/wp-content\/uploads\/2022\/09\/attacher.jpg&#8221; play_icon_color=&#8221;#FFFFFF&#8221; font_icon=&#8221;&#x49;||divi||400&#8243; use_icon_font_size=&#8221;on&#8221; icon_font_size=&#8221;86px&#8221; thumbnail_overlay_color=&#8221;RGBA(255,255,255,0)&#8221; _builder_version=&#8221;4.18.0&#8243; _module_preset=&#8221;default&#8221; width=&#8221;73%&#8221; width_tablet=&#8221;100%&#8221; width_phone=&#8221;100%&#8221; width_last_edited=&#8221;on|tablet&#8221; max_width=&#8221;100%&#8221; module_alignment=&#8221;center&#8221; global_colors_info=&#8221;{}&#8221;][\/et_pb_video][\/et_pb_column][\/et_pb_row][et_pb_row column_structure=&#8221;1_4,1_4,1_4,1_4&#8243; disabled_on=&#8221;on|on|off&#8221; _builder_version=&#8221;4.18.0&#8243; _module_preset=&#8221;default&#8221; max_width=&#8221;2560px&#8221; custom_padding=&#8221;7vh||||false|false&#8221; global_colors_info=&#8221;{}&#8221;][et_pb_column type=&#8221;1_4&#8243; _builder_version=&#8221;4.18.0&#8243; _module_preset=&#8221;default&#8221; global_colors_info=&#8221;{}&#8221;][et_pb_image src=&#8221;https:\/\/rool.be\/wp-content\/uploads\/2022\/09\/1.jpg&#8221; title_text=&#8221;1&#8243; _builder_version=&#8221;4.18.0&#8243; _module_preset=&#8221;default&#8221; global_colors_info=&#8221;{}&#8221;][\/et_pb_image][\/et_pb_column][et_pb_column type=&#8221;1_4&#8243; _builder_version=&#8221;4.18.0&#8243; _module_preset=&#8221;default&#8221; global_colors_info=&#8221;{}&#8221;][et_pb_image src=&#8221;https:\/\/rool.be\/wp-content\/uploads\/2022\/09\/2.jpg&#8221; title_text=&#8221;2&#8243; _builder_version=&#8221;4.18.0&#8243; _module_preset=&#8221;default&#8221; global_colors_info=&#8221;{}&#8221;][\/et_pb_image][\/et_pb_column][et_pb_column type=&#8221;1_4&#8243; _builder_version=&#8221;4.18.0&#8243; _module_preset=&#8221;default&#8221; global_colors_info=&#8221;{}&#8221;][et_pb_image src=&#8221;https:\/\/rool.be\/wp-content\/uploads\/2022\/09\/3.jpg&#8221; title_text=&#8221;3&#8243; _builder_version=&#8221;4.18.0&#8243; _module_preset=&#8221;default&#8221; global_colors_info=&#8221;{}&#8221;][\/et_pb_image][\/et_pb_column][et_pb_column type=&#8221;1_4&#8243; _builder_version=&#8221;4.18.0&#8243; _module_preset=&#8221;default&#8221; global_colors_info=&#8221;{}&#8221;][et_pb_image src=&#8221;https:\/\/rool.be\/wp-content\/uploads\/2022\/09\/4.jpg&#8221; title_text=&#8221;4&#8243; _builder_version=&#8221;4.18.0&#8243; _module_preset=&#8221;default&#8221; global_colors_info=&#8221;{}&#8221;][\/et_pb_image][\/et_pb_column][\/et_pb_row][et_pb_row column_structure=&#8221;1_2,1_2&#8243; disabled_on=&#8221;off|off|on&#8221; _builder_version=&#8221;4.18.0&#8243; _module_preset=&#8221;default&#8221; width_tablet=&#8221;&#8221; width_phone=&#8221;90%&#8221; width_last_edited=&#8221;on|phone&#8221; max_width=&#8221;2560px&#8221; custom_css_main_element=&#8221;display:flex;&#8221; global_colors_info=&#8221;{}&#8221; custom_css_main_element_last_edited=&#8221;on|tablet&#8221; custom_css_main_element_tablet=&#8221;display:flex;&#8221; custom_css_main_element_phone=&#8221;display:flex;&#8221;][et_pb_column type=&#8221;1_2&#8243; _builder_version=&#8221;4.18.0&#8243; _module_preset=&#8221;default&#8221; global_colors_info=&#8221;{}&#8221;][et_pb_image src=&#8221;https:\/\/rool.be\/wp-content\/uploads\/2022\/09\/1.jpg&#8221; title_text=&#8221;1&#8243; _builder_version=&#8221;4.18.0&#8243; _module_preset=&#8221;default&#8221; global_colors_info=&#8221;{}&#8221;][\/et_pb_image][\/et_pb_column][et_pb_column type=&#8221;1_2&#8243; _builder_version=&#8221;4.18.0&#8243; _module_preset=&#8221;default&#8221; global_colors_info=&#8221;{}&#8221;][et_pb_image src=&#8221;https:\/\/rool.be\/wp-content\/uploads\/2022\/09\/2.jpg&#8221; title_text=&#8221;2&#8243; align=&#8221;right&#8221; _builder_version=&#8221;4.18.0&#8243; _module_preset=&#8221;default&#8221; global_colors_info=&#8221;{}&#8221;][\/et_pb_image][\/et_pb_column][\/et_pb_row][et_pb_row column_structure=&#8221;1_2,1_2&#8243; custom_padding_last_edited=&#8221;on|phone&#8221; disabled_on=&#8221;off|off|on&#8221; _builder_version=&#8221;4.18.0&#8243; _module_preset=&#8221;default&#8221; width_tablet=&#8221;&#8221; width_phone=&#8221;90%&#8221; width_last_edited=&#8221;on|phone&#8221; max_width=&#8221;2560px&#8221; custom_padding=&#8221;0px||||false|false&#8221; custom_padding_tablet=&#8221;0px||||false|false&#8221; custom_padding_phone=&#8221;0px||||false|false&#8221; global_colors_info=&#8221;{}&#8221; custom_css_main_element_last_edited=&#8221;on|phone&#8221; custom_css_main_element_tablet=&#8221;display:flex;&#8221; custom_css_main_element_phone=&#8221;display:flex;&#8221;][et_pb_column type=&#8221;1_2&#8243; _builder_version=&#8221;4.18.0&#8243; _module_preset=&#8221;default&#8221; global_colors_info=&#8221;{}&#8221;][et_pb_image src=&#8221;https:\/\/rool.be\/wp-content\/uploads\/2022\/09\/3.jpg&#8221; title_text=&#8221;3&#8243; _builder_version=&#8221;4.18.0&#8243; _module_preset=&#8221;default&#8221; global_colors_info=&#8221;{}&#8221;][\/et_pb_image][\/et_pb_column][et_pb_column type=&#8221;1_2&#8243; _builder_version=&#8221;4.18.0&#8243; _module_preset=&#8221;default&#8221; global_colors_info=&#8221;{}&#8221;][et_pb_image src=&#8221;https:\/\/rool.be\/wp-content\/uploads\/2022\/09\/4.jpg&#8221; title_text=&#8221;4&#8243; align=&#8221;right&#8221; _builder_version=&#8221;4.18.0&#8243; _module_preset=&#8221;default&#8221; global_colors_info=&#8221;{}&#8221;][\/et_pb_image][\/et_pb_column][\/et_pb_row][\/et_pb_section]<\/p>","protected":false},"excerpt":{"rendered":"<p>How do I attach Willy to my bike?<\/p>","protected":false},"author":6,"featured_media":0,"parent":0,"menu_order":0,"comment_status":"closed","ping_status":"closed","template":"","meta":{"_et_pb_use_builder":"on","_et_pb_old_content":"","_et_gb_content_width":"","inline_featured_image":false,"footnotes":""},"class_list":["post-234497","page","type-page","status-publish","hentry"],"yoast_head":"<!-- This site is optimized with the Yoast SEO plugin v26.8 - https:\/\/yoast.com\/product\/yoast-seo-wordpress\/ -->\n<title>Comment attacher la remorque Willy \u00e0 mon v\u00e9lo? &#8226; ROOL<\/title>\n<meta name=\"robots\" content=\"index, follow, max-snippet:-1, max-image-preview:large, max-video-preview:-1\" \/>\n<link rel=\"canonical\" href=\"https:\/\/rool.be\/en\/comment-attacher-la-remorque-willy-a-mon-velo\/\" \/>\n<meta property=\"og:locale\" content=\"en_GB\" \/>\n<meta property=\"og:type\" content=\"article\" \/>\n<meta property=\"og:title\" content=\"Comment attacher la remorque Willy \u00e0 mon v\u00e9lo? &#8226; ROOL\" \/>\n<meta property=\"og:description\" content=\"Comment attacher la remorque Willy \u00e0 mon v\u00e9lo?\" \/>\n<meta property=\"og:url\" content=\"https:\/\/rool.be\/en\/comment-attacher-la-remorque-willy-a-mon-velo\/\" \/>\n<meta property=\"og:site_name\" content=\"ROOL\" \/>\n<meta property=\"article:publisher\" content=\"https:\/\/www.facebook.com\/roolbrussels\/\" \/>\n<meta property=\"article:modified_time\" content=\"2025-05-13T13:29:14+00:00\" \/>\n<meta property=\"og:image\" content=\"https:\/\/rool.be\/wp-content\/uploads\/2021\/06\/Babbeleir2.jpg\" \/>\n\t<meta property=\"og:image:width\" content=\"1920\" \/>\n\t<meta property=\"og:image:height\" content=\"1080\" \/>\n\t<meta property=\"og:image:type\" content=\"image\/jpeg\" \/>\n<meta name=\"twitter:card\" content=\"summary_large_image\" \/>\n<meta name=\"twitter:label1\" content=\"Estimated reading time\" \/>\n\t<meta name=\"twitter:data1\" content=\"2 minutes\" \/>\n<script type=\"application\/ld+json\" class=\"yoast-schema-graph\">{\"@context\":\"https:\/\/schema.org\",\"@graph\":[{\"@type\":\"WebPage\",\"@id\":\"https:\/\/rool.be\/comment-attacher-la-remorque-willy-a-mon-velo\/\",\"url\":\"https:\/\/rool.be\/comment-attacher-la-remorque-willy-a-mon-velo\/\",\"name\":\"Comment attacher la remorque Willy \u00e0 mon v\u00e9lo? &#8226; ROOL\",\"isPartOf\":{\"@id\":\"https:\/\/rool.be\/#website\"},\"datePublished\":\"2022-09-24T08:30:39+00:00\",\"dateModified\":\"2025-05-13T13:29:14+00:00\",\"breadcrumb\":{\"@id\":\"https:\/\/rool.be\/comment-attacher-la-remorque-willy-a-mon-velo\/#breadcrumb\"},\"inLanguage\":\"en-GB\",\"potentialAction\":[{\"@type\":\"ReadAction\",\"target\":[\"https:\/\/rool.be\/comment-attacher-la-remorque-willy-a-mon-velo\/\"]}]},{\"@type\":\"BreadcrumbList\",\"@id\":\"https:\/\/rool.be\/comment-attacher-la-remorque-willy-a-mon-velo\/#breadcrumb\",\"itemListElement\":[{\"@type\":\"ListItem\",\"position\":1,\"name\":\"Home\",\"item\":\"https:\/\/rool.be\/\"},{\"@type\":\"ListItem\",\"position\":2,\"name\":\"Comment attacher la remorque Willy \u00e0 mon v\u00e9lo?\"}]},{\"@type\":\"WebSite\",\"@id\":\"https:\/\/rool.be\/#website\",\"url\":\"https:\/\/rool.be\/\",\"name\":\"ROOL\",\"description\":\"Manufacturer of Bike Trailers &amp; Custom Cargo Bikes\",\"publisher\":{\"@id\":\"https:\/\/rool.be\/#organization\"},\"potentialAction\":[{\"@type\":\"SearchAction\",\"target\":{\"@type\":\"EntryPoint\",\"urlTemplate\":\"https:\/\/rool.be\/?s={search_term_string}\"},\"query-input\":{\"@type\":\"PropertyValueSpecification\",\"valueRequired\":true,\"valueName\":\"search_term_string\"}}],\"inLanguage\":\"en-GB\"},{\"@type\":\"Organization\",\"@id\":\"https:\/\/rool.be\/#organization\",\"name\":\"Rool\",\"url\":\"https:\/\/rool.be\/\",\"logo\":{\"@type\":\"ImageObject\",\"inLanguage\":\"en-GB\",\"@id\":\"https:\/\/rool.be\/#\/schema\/logo\/image\/\",\"url\":\"http:\/\/rool.be\/wp-content\/uploads\/2020\/08\/ROOL_noir_1000px.png\",\"contentUrl\":\"http:\/\/rool.be\/wp-content\/uploads\/2020\/08\/ROOL_noir_1000px.png\",\"width\":1000,\"height\":260,\"caption\":\"Rool\"},\"image\":{\"@id\":\"https:\/\/rool.be\/#\/schema\/logo\/image\/\"},\"sameAs\":[\"https:\/\/www.facebook.com\/roolbrussels\/\",\"https:\/\/www.instagram.com\/roolbrussels\/\",\"https:\/\/www.linkedin.com\/company\/rool\/\"]}]}<\/script>\n<!-- \/ Yoast SEO plugin. -->","yoast_head_json":{"title":"Comment attacher la remorque Willy \u00e0 mon v\u00e9lo? &#8226; ROOL","robots":{"index":"index","follow":"follow","max-snippet":"max-snippet:-1","max-image-preview":"max-image-preview:large","max-video-preview":"max-video-preview:-1"},"canonical":"https:\/\/rool.be\/en\/comment-attacher-la-remorque-willy-a-mon-velo\/","og_locale":"en_GB","og_type":"article","og_title":"Comment attacher la remorque Willy \u00e0 mon v\u00e9lo? &#8226; ROOL","og_description":"Comment attacher la remorque Willy \u00e0 mon v\u00e9lo?","og_url":"https:\/\/rool.be\/en\/comment-attacher-la-remorque-willy-a-mon-velo\/","og_site_name":"ROOL","article_publisher":"https:\/\/www.facebook.com\/roolbrussels\/","article_modified_time":"2025-05-13T13:29:14+00:00","og_image":[{"width":1920,"height":1080,"url":"https:\/\/rool.be\/wp-content\/uploads\/2021\/06\/Babbeleir2.jpg","type":"image\/jpeg"}],"twitter_card":"summary_large_image","twitter_misc":{"Estimated reading time":"2 minutes"},"schema":{"@context":"https:\/\/schema.org","@graph":[{"@type":"WebPage","@id":"https:\/\/rool.be\/comment-attacher-la-remorque-willy-a-mon-velo\/","url":"https:\/\/rool.be\/comment-attacher-la-remorque-willy-a-mon-velo\/","name":"Comment attacher la remorque Willy \u00e0 mon v\u00e9lo? &#8226; ROOL","isPartOf":{"@id":"https:\/\/rool.be\/#website"},"datePublished":"2022-09-24T08:30:39+00:00","dateModified":"2025-05-13T13:29:14+00:00","breadcrumb":{"@id":"https:\/\/rool.be\/comment-attacher-la-remorque-willy-a-mon-velo\/#breadcrumb"},"inLanguage":"en-GB","potentialAction":[{"@type":"ReadAction","target":["https:\/\/rool.be\/comment-attacher-la-remorque-willy-a-mon-velo\/"]}]},{"@type":"BreadcrumbList","@id":"https:\/\/rool.be\/comment-attacher-la-remorque-willy-a-mon-velo\/#breadcrumb","itemListElement":[{"@type":"ListItem","position":1,"name":"Home","item":"https:\/\/rool.be\/"},{"@type":"ListItem","position":2,"name":"Comment attacher la remorque Willy \u00e0 mon v\u00e9lo?"}]},{"@type":"WebSite","@id":"https:\/\/rool.be\/#website","url":"https:\/\/rool.be\/","name":"ROOL","description":"Manufacturer of Bike Trailers &amp; Custom Cargo Bikes","publisher":{"@id":"https:\/\/rool.be\/#organization"},"potentialAction":[{"@type":"SearchAction","target":{"@type":"EntryPoint","urlTemplate":"https:\/\/rool.be\/?s={search_term_string}"},"query-input":{"@type":"PropertyValueSpecification","valueRequired":true,"valueName":"search_term_string"}}],"inLanguage":"en-GB"},{"@type":"Organization","@id":"https:\/\/rool.be\/#organization","name":"Rool","url":"https:\/\/rool.be\/","logo":{"@type":"ImageObject","inLanguage":"en-GB","@id":"https:\/\/rool.be\/#\/schema\/logo\/image\/","url":"http:\/\/rool.be\/wp-content\/uploads\/2020\/08\/ROOL_noir_1000px.png","contentUrl":"http:\/\/rool.be\/wp-content\/uploads\/2020\/08\/ROOL_noir_1000px.png","width":1000,"height":260,"caption":"Rool"},"image":{"@id":"https:\/\/rool.be\/#\/schema\/logo\/image\/"},"sameAs":["https:\/\/www.facebook.com\/roolbrussels\/","https:\/\/www.instagram.com\/roolbrussels\/","https:\/\/www.linkedin.com\/company\/rool\/"]}]}},"_links":{"self":[{"href":"https:\/\/rool.be\/en\/wp-json\/wp\/v2\/pages\/234497","targetHints":{"allow":["GET"]}}],"collection":[{"href":"https:\/\/rool.be\/en\/wp-json\/wp\/v2\/pages"}],"about":[{"href":"https:\/\/rool.be\/en\/wp-json\/wp\/v2\/types\/page"}],"author":[{"embeddable":true,"href":"https:\/\/rool.be\/en\/wp-json\/wp\/v2\/users\/6"}],"replies":[{"embeddable":true,"href":"https:\/\/rool.be\/en\/wp-json\/wp\/v2\/comments?post=234497"}],"version-history":[{"count":13,"href":"https:\/\/rool.be\/en\/wp-json\/wp\/v2\/pages\/234497\/revisions"}],"predecessor-version":[{"id":237878,"href":"https:\/\/rool.be\/en\/wp-json\/wp\/v2\/pages\/234497\/revisions\/237878"}],"wp:attachment":[{"href":"https:\/\/rool.be\/en\/wp-json\/wp\/v2\/media?parent=234497"}],"curies":[{"name":"wp","href":"https:\/\/api.w.org\/{rel}","templated":true}]}}