{"id":83522,"date":"2020-09-08T13:46:21","date_gmt":"2020-09-08T11:46:21","guid":{"rendered":"http:\/\/rool.be\/?page_id=83522"},"modified":"2025-05-13T15:31:13","modified_gmt":"2025-05-13T13:31:13","slug":"philosophie","status":"publish","type":"page","link":"https:\/\/rool.be\/en\/philosophie\/","title":{"rendered":"Philosophy"},"content":{"rendered":"<p>[et_pb_section fb_built=&#8221;1&#8243; _builder_version=&#8221;4.18.0&#8243; _module_preset=&#8221;default&#8221; background_color=&#8221;#f0f0f0&#8243; custom_padding=&#8221;0px||0px||false|false&#8221; border_width_bottom=&#8221;1px&#8221; border_width_top_tablet=&#8221;&#8221; border_width_top_phone=&#8221;&#8221; border_width_top_last_edited=&#8221;on|desktop&#8221; border_width_bottom_tablet=&#8221;0px&#8221; border_width_bottom_phone=&#8221;0px&#8221; border_width_bottom_last_edited=&#8221;on|desktop&#8221; locked=&#8221;off&#8221; global_colors_info=&#8221;{}&#8221;][et_pb_row column_structure=&#8221;1_2,1_2&#8243; custom_padding_last_edited=&#8221;off|phone&#8221; _builder_version=&#8221;4.22.0&#8243; _module_preset=&#8221;default&#8221; width=&#8221;90%&#8221; max_width=&#8221;2560px&#8221; custom_padding=&#8221;100px||||false|false&#8221; custom_padding_tablet=&#8221;160px||||false|false&#8221; custom_padding_phone=&#8221;75px||||false|false&#8221; global_colors_info=&#8221;{}&#8221;][et_pb_column type=&#8221;1_2&#8243; _builder_version=&#8221;4.19.0&#8243; _module_preset=&#8221;default&#8221; global_colors_info=&#8221;{}&#8221;][et_pb_text content_tablet=&#8221;<\/p>\n<h1 style=\"%22text-align:\" left; font-weight: 600;%22>L&#8217;\u00e9co-construction<br \/>is a basic principle<\/h1>\n<p>&#8221; content_phone=&#8221;<\/p>\n<h1 style=\"%22text-align:\" left; font-weight: 600;%22>L&#8217;\u00e9co-construction<br \/>is a basic principle<\/h1>\n<p>&#8221; content_last_edited=&#8221;off|desktop&#8221; _builder_version=&#8221;4.22.0&#8243; _module_preset=&#8221;default&#8221; text_font=&#8221;|600|||||||&#8221; text_text_color=&#8221;#000000&#8243; text_font_size=&#8221;4.9rem&#8221; text_letter_spacing=&#8221;-1px&#8221; text_line_height=&#8221;0.9em&#8221; header_font=&#8221;|300|||||||&#8221; header_text_color=&#8221;#000000&#8243; header_font_size=&#8221;4.9rem&#8221; header_letter_spacing=&#8221;-1px&#8221; header_line_height=&#8221;0.9em&#8221; custom_padding=&#8221;0px|5vw|0px|0px|false|false&#8221; custom_padding_tablet=&#8221;|0px||0px|true|true&#8221; custom_padding_phone=&#8221;0px|0px|0px|0px|true|true&#8221; custom_padding_last_edited=&#8221;on|tablet&#8221; text_font_size_tablet=&#8221;5rem&#8221; text_font_size_phone=&#8221;3rem&#8221; text_font_size_last_edited=&#8221;on|phone&#8221; text_letter_spacing_tablet=&#8221;-1px&#8221; text_letter_spacing_phone=&#8221;-1px&#8221; text_letter_spacing_last_edited=&#8221;on|phone&#8221; header_font_size_tablet=&#8221;4.6rem&#8221; header_font_size_phone=&#8221;4rem&#8221; header_font_size_last_edited=&#8221;on|phone&#8221; global_colors_info=&#8221;{}&#8221;]<\/p>\n<h1 style=\"text-align: left; font-weight: 600;\">Doing more and better with less<\/h1>\n<p>[\/et_pb_text][et_pb_divider _builder_version=&#8221;4.19.0&#8243; _module_preset=&#8221;default&#8221; custom_margin=&#8221;||0px||false|false&#8221; custom_padding=&#8221;||0px||false|false&#8221; global_colors_info=&#8221;{}&#8221;][\/et_pb_divider][et_pb_text _builder_version=&#8221;4.22.0&#8243; _module_preset=&#8221;default&#8221; text_font=&#8221;||||||||&#8221; text_text_color=&#8221;#000000&#8243; text_font_size=&#8221;1.8rem&#8221; text_letter_spacing=&#8221;1px&#8221; text_line_height=&#8221;0.9em&#8221; custom_margin=&#8221;0px|0px|0px|0px|false|false&#8221; custom_margin_tablet=&#8221;0px|0px|0px|0px|false|false&#8221; custom_margin_phone=&#8221;0px|0px|0px|0px|false|false&#8221; custom_margin_last_edited=&#8221;on|phone&#8221; custom_padding=&#8221;0px|0px|0px|0px|true|true&#8221; text_font_size_tablet=&#8221;1.8rem&#8221; text_font_size_phone=&#8221;1.8rem&#8221; text_font_size_last_edited=&#8221;on|phone&#8221; text_orientation_tablet=&#8221;&#8221; text_orientation_phone=&#8221;left&#8221; text_orientation_last_edited=&#8221;on|phone&#8221; module_alignment_tablet=&#8221;&#8221; module_alignment_phone=&#8221;&#8221; module_alignment_last_edited=&#8221;on|phone&#8221; global_colors_info=&#8221;{}&#8221;]<\/p>\n<p>Nous r\u00eavons d&#8217;un monde responsable \u00e0 propulsion humaine. Le v\u00e9lo et son usager sont au centre de nos\u00a0 recherches et de nos d\u00e9veloppements.<\/p>\n<p>We are deeply committed to environmental responsibility and sustainability. We firmly believe in taking care of our environment and ensuring the\nlongevity of our products. Our core philosophy revolves around the idea of \u2018doing more and better with less,\u2019 emphasizing efficiency, utility and essential design. Our dedication to sustainability is reflected in every aspect of our products.<\/p>\n<p>[\/et_pb_text][\/et_pb_column][et_pb_column type=&#8221;1_2&#8243; _builder_version=&#8221;4.19.0&#8243; _module_preset=&#8221;default&#8221; global_colors_info=&#8221;{}&#8221;][et_pb_image src=&#8221;https:\/\/rool.be\/wp-content\/uploads\/2022\/09\/ROOL_circular.gif&#8221; alt=&#8221;Fabrication durable&#8221; title_text=&#8221;Ecodesign&#8221; align=&#8221;right&#8221; align_tablet=&#8221;&#8221; align_phone=&#8221;left&#8221; align_last_edited=&#8221;on|desktop&#8221; _builder_version=&#8221;4.19.0&#8243; _module_preset=&#8221;default&#8221; transform_scale=&#8221;116%|116%&#8221; transform_translate=&#8221;0px|39px&#8221; transform_translate_linked=&#8221;off&#8221; width=&#8221;100%&#8221; width_tablet=&#8221;100%&#8221; width_phone=&#8221;100%&#8221; width_last_edited=&#8221;on|tablet&#8221; max_width=&#8221;100%&#8221; custom_padding=&#8221;10px||10px||true|false&#8221; global_colors_info=&#8221;{}&#8221; custom_css_main_element_last_edited=&#8221;on|phone&#8221;][\/et_pb_image][\/et_pb_column][\/et_pb_row][et_pb_row column_structure=&#8221;1_2,1_2&#8243; use_custom_gutter=&#8221;on&#8221; gutter_width=&#8221;3&#8243; _builder_version=&#8221;4.19.0&#8243; _module_preset=&#8221;default&#8221; width=&#8221;90%&#8221; max_width=&#8221;2560px&#8221; custom_padding=&#8221;15vh||0px||false|false&#8221; global_colors_info=&#8221;{}&#8221;][et_pb_column type=&#8221;1_2&#8243; _builder_version=&#8221;4.19.0&#8243; _module_preset=&#8221;default&#8221; global_colors_info=&#8221;{}&#8221;][et_pb_text _builder_version=&#8221;4.22.0&#8243; _module_preset=&#8221;default&#8221; text_font=&#8221;|600|||||||&#8221; text_text_color=&#8221;#000000&#8243; text_font_size=&#8221;4rem&#8221; text_line_height=&#8221;0.9em&#8221; custom_margin=&#8221;0px|0px|0px|0px|true|true&#8221; custom_padding=&#8221;15px|0px|15px|0px|true|true&#8221; text_font_size_tablet=&#8221;3.6rem&#8221; text_font_size_phone=&#8221;2.5rem&#8221; text_font_size_last_edited=&#8221;on|tablet&#8221; global_colors_info=&#8221;{}&#8221;]<\/p>\n<p>Our products are durable<\/p>\n<p>[\/et_pb_text][et_pb_divider _builder_version=&#8221;4.19.0&#8243; _module_preset=&#8221;default&#8221; custom_margin=&#8221;||0px||false|false&#8221; custom_padding=&#8221;||0px||false|false&#8221; global_colors_info=&#8221;{}&#8221;][\/et_pb_divider][et_pb_text _builder_version=&#8221;4.19.0&#8243; _module_preset=&#8221;default&#8221; text_font=&#8221;||||||||&#8221; text_text_color=&#8221;#000000&#8243; text_font_size=&#8221;1.6rem&#8221; text_letter_spacing=&#8221;1px&#8221; text_line_height=&#8221;1em&#8221; custom_margin=&#8221;0px|0px|0px|0px|false|false&#8221; custom_margin_tablet=&#8221;0px|0px|0px|0px|false|false&#8221; custom_margin_phone=&#8221;0px|0px|0px|0px|false|false&#8221; custom_margin_last_edited=&#8221;on|phone&#8221; text_font_size_tablet=&#8221;1.6rem&#8221; text_font_size_phone=&#8221;1.6rem&#8221; text_font_size_last_edited=&#8221;on|phone&#8221; text_orientation_tablet=&#8221;left&#8221; text_orientation_phone=&#8221;left&#8221; text_orientation_last_edited=&#8221;on|desktop&#8221; global_colors_info=&#8221;{}&#8221;]<\/p>\n<p>Nous cherchons toujours \u00e0 \u00abfaire plus et mieux avec moins\u00bb. Moins de pi\u00e8ces, moins de mati\u00e8res, moins d\u2019\u00e9nergies. Plus d\u2019efficacit\u00e9, plus d\u2019utilit\u00e9. De l&#8217;indispensable.<\/p>\n<p>[\/et_pb_text][\/et_pb_column][et_pb_column type=&#8221;1_2&#8243; _builder_version=&#8221;4.19.0&#8243; _module_preset=&#8221;default&#8221; global_colors_info=&#8221;{}&#8221;][et_pb_text content_tablet=&#8221;<\/p>\n<p style=\"%22text-align:\" left; font-weight: 600;%22>Our products are modifiable and scalable<\/p>\n<p>&#8221; content_phone=&#8221;<\/p>\n<p style=\"%22text-align:\" left; font-weight: 600;%22>Our products are modifiable and scalable<\/p>\n<p>&#8221; content_last_edited=&#8221;on|phone&#8221; _builder_version=&#8221;4.22.0&#8243; _module_preset=&#8221;default&#8221; text_font=&#8221;|600|||||||&#8221; text_text_color=&#8221;#000000&#8243; text_font_size=&#8221;4rem&#8221; text_line_height=&#8221;0.9em&#8221; custom_margin=&#8221;0px|0px|0px|0px|true|true&#8221; custom_padding=&#8221;15px|0px|15px|0px|true|true&#8221; text_font_size_tablet=&#8221;3.6rem&#8221; text_font_size_phone=&#8221;2.5rem&#8221; text_font_size_last_edited=&#8221;on|tablet&#8221; global_colors_info=&#8221;{}&#8221;]<\/p>\n<p>Our products are modifiable and scalable<\/p>\n<p>[\/et_pb_text][et_pb_divider _builder_version=&#8221;4.19.0&#8243; _module_preset=&#8221;default&#8221; custom_margin=&#8221;||0px||false|false&#8221; custom_padding=&#8221;||0px||false|false&#8221; global_colors_info=&#8221;{}&#8221;][\/et_pb_divider][et_pb_text _builder_version=&#8221;4.24.2&#8243; _module_preset=&#8221;default&#8221; text_font=&#8221;||||||||&#8221; text_text_color=&#8221;#000000&#8243; text_font_size=&#8221;1.6rem&#8221; text_letter_spacing=&#8221;1px&#8221; text_line_height=&#8221;1em&#8221; custom_margin=&#8221;0px|0px|0px|0px|false|false&#8221; custom_margin_tablet=&#8221;0px|0px|0px|0px|false|false&#8221; custom_margin_phone=&#8221;0px|0px|0px|0px|false|false&#8221; custom_margin_last_edited=&#8221;on|phone&#8221; custom_padding_tablet=&#8221;0px|100px|15px|0px|false|false&#8221; custom_padding_phone=&#8221;|0px||0px|false|true&#8221; custom_padding_last_edited=&#8221;on|phone&#8221; text_font_size_tablet=&#8221;1.6rem&#8221; text_font_size_phone=&#8221;1.6rem&#8221; text_font_size_last_edited=&#8221;on|phone&#8221; text_orientation_tablet=&#8221;left&#8221; text_orientation_phone=&#8221;left&#8221; text_orientation_last_edited=&#8221;on|desktop&#8221; global_colors_info=&#8221;{}&#8221;]<\/p>\n<p>Various setups can be tailored from the same product by adjusting a few components. This allows our trailers and setups to adapt to your changing requirements over time.<\/p>\n<p>[\/et_pb_text][\/et_pb_column][\/et_pb_row][et_pb_row column_structure=&#8221;1_2,1_2&#8243; custom_padding_last_edited=&#8221;off|desktop&#8221; _builder_version=&#8221;4.22.0&#8243; _module_preset=&#8221;default&#8221; width=&#8221;90%&#8221; max_width=&#8221;2560px&#8221; custom_padding_tablet=&#8221;50px||50px||true|false&#8221; custom_padding_phone=&#8221;0px||0px||true|false&#8221; global_colors_info=&#8221;{}&#8221;][et_pb_column type=&#8221;1_2&#8243; _builder_version=&#8221;4.19.0&#8243; _module_preset=&#8221;default&#8221; global_colors_info=&#8221;{}&#8221;][et_pb_text content_tablet=&#8221;<\/p>\n<p style=\"%22text-align:\" left; font-weight: 600;%22>They are easy to repair<\/p>\n<p>&#8221; content_phone=&#8221;<\/p>\n<p style=\"%22text-align:\" left; font-weight: 600;%22>They are easy to repair<\/p>\n<p>&#8221; content_last_edited=&#8221;on|phone&#8221; _builder_version=&#8221;4.19.0&#8243; _module_preset=&#8221;default&#8221; text_font=&#8221;|600|||||||&#8221; text_text_color=&#8221;#000000&#8243; text_font_size=&#8221;4rem&#8221; text_line_height=&#8221;0.9em&#8221; custom_margin=&#8221;25px|0px|0px|0px|false|true&#8221; custom_padding=&#8221;15px|0px|15px|0px|false|true&#8221; text_font_size_tablet=&#8221;3.6rem&#8221; text_font_size_phone=&#8221;2.5rem&#8221; text_font_size_last_edited=&#8221;on|tablet&#8221; global_colors_info=&#8221;{}&#8221;]<\/p>\n<p>They are easy to repair<\/p>\n<p>[\/et_pb_text][et_pb_divider _builder_version=&#8221;4.19.0&#8243; _module_preset=&#8221;default&#8221; custom_margin=&#8221;||0px||false|false&#8221; custom_padding=&#8221;||0px||false|false&#8221; global_colors_info=&#8221;{}&#8221;][\/et_pb_divider][et_pb_text content_tablet=&#8221;<\/p>\n<p>The materials are of high quality and the parts are directly accessible. We use common tools to facilitate repairs and adaptations.<br \/>Les modifications sont d&#8217;autant facile qu&#8217;un inventaire r\u00e9pertorie les sp\u00e9cifications techniques des pi\u00e8ces d\u00e9tach\u00e9es.<\/p>\n<p>&#8221; content_phone=&#8221;<\/p>\n<p>The materials are of high quality and the parts are directly accessible. We use common tools to facilitate repairs and adaptations.<br \/>Les modifications sont d&#8217;autant facile qu&#8217;un inventaire r\u00e9pertorie les sp\u00e9cifications techniques des pi\u00e8ces d\u00e9tach\u00e9es.<\/p>\n<p>&#8221; content_last_edited=&#8221;on|phone&#8221; _builder_version=&#8221;4.19.0&#8243; _module_preset=&#8221;default&#8221; text_font=&#8221;||||||||&#8221; text_text_color=&#8221;#000000&#8243; text_font_size=&#8221;1.6rem&#8221; text_letter_spacing=&#8221;1px&#8221; text_line_height=&#8221;1em&#8221; custom_margin=&#8221;0px|0px|0px|0px|false|false&#8221; custom_margin_tablet=&#8221;0px|0px|0px|0px|false|false&#8221; custom_margin_phone=&#8221;0px|0px|0px|0px|false|false&#8221; custom_margin_last_edited=&#8221;on|phone&#8221; text_font_size_tablet=&#8221;1.6rem&#8221; text_font_size_phone=&#8221;1.6rem&#8221; text_font_size_last_edited=&#8221;on|phone&#8221; text_orientation_tablet=&#8221;left&#8221; text_orientation_phone=&#8221;left&#8221; text_orientation_last_edited=&#8221;on|desktop&#8221; global_colors_info=&#8221;{}&#8221;]<\/p>\n<p>The materials are of high quality and the parts are directly accessible. We use common tools to facilitate repairs and adaptations.<br \/>Les modifications sont d&#8217;autant facile qu&#8217;un inventaire r\u00e9pertorie les sp\u00e9cifications techniques des pi\u00e8ces d\u00e9tach\u00e9es.<\/p>\n<p>[\/et_pb_text][\/et_pb_column][et_pb_column type=&#8221;1_2&#8243; _builder_version=&#8221;4.19.0&#8243; _module_preset=&#8221;default&#8221; global_colors_info=&#8221;{}&#8221;][et_pb_text content_tablet=&#8221;<\/p>\n<p style=\"%22text-align:\" left; font-weight: 600;%22>All parts are recyclable<\/p>\n<p>&#8221; content_phone=&#8221;<\/p>\n<p style=\"%22text-align:\" left; font-weight: 600;%22>All parts are recyclable<\/p>\n<p>&#8221; content_last_edited=&#8221;on|phone&#8221; _builder_version=&#8221;4.19.0&#8243; _module_preset=&#8221;default&#8221; text_font=&#8221;|600|||||||&#8221; text_text_color=&#8221;#000000&#8243; text_font_size=&#8221;4rem&#8221; text_line_height=&#8221;0.9em&#8221; custom_margin=&#8221;25px|0px|0px|0px|false|true&#8221; custom_padding=&#8221;15px|0px|15px|0px|false|true&#8221; text_font_size_tablet=&#8221;3.6rem&#8221; text_font_size_phone=&#8221;2.5rem&#8221; text_font_size_last_edited=&#8221;on|tablet&#8221; global_colors_info=&#8221;{}&#8221;]<\/p>\n<p>All parts are recyclable<\/p>\n<p>[\/et_pb_text][et_pb_divider _builder_version=&#8221;4.19.0&#8243; _module_preset=&#8221;default&#8221; custom_margin=&#8221;||0px||false|false&#8221; custom_padding=&#8221;||0px||false|false&#8221; global_colors_info=&#8221;{}&#8221;][\/et_pb_divider][et_pb_text content_tablet=&#8221;<\/p>\n<p>The products are mechanically assembled which allows a simple disassembly during the recycling phase.<br \/>No material is permanently combined with another in order to be easily and quickly separated.<\/p>\n<p>&#8221; content_phone=&#8221;<\/p>\n<p>Nous cherchons toujours \u00e0 \u00abfaire plus et mieux avec moins\u00bb. Moins de pi\u00e8ces, moins de mati\u00e8re, moins d\u2019\u00e9nergies. Plus d\u2019efficacit\u00e9, plus d\u2019utilit\u00e9. De l&#8217;indispensable.<\/p>\n<p>&#8221; content_last_edited=&#8221;on|tablet&#8221; _builder_version=&#8221;4.19.0&#8243; _module_preset=&#8221;default&#8221; text_font=&#8221;||||||||&#8221; text_text_color=&#8221;#000000&#8243; text_font_size=&#8221;1.6rem&#8221; text_letter_spacing=&#8221;1px&#8221; text_line_height=&#8221;1em&#8221; custom_margin=&#8221;0px|0px|0px|0px|false|false&#8221; custom_margin_tablet=&#8221;0px|0px|0px|0px|false|false&#8221; custom_margin_phone=&#8221;0px|0px|0px|0px|false|false&#8221; custom_margin_last_edited=&#8221;on|phone&#8221; text_font_size_tablet=&#8221;1.6rem&#8221; text_font_size_phone=&#8221;1.6rem&#8221; text_font_size_last_edited=&#8221;on|phone&#8221; text_orientation_tablet=&#8221;left&#8221; text_orientation_phone=&#8221;left&#8221; text_orientation_last_edited=&#8221;on|desktop&#8221; global_colors_info=&#8221;{}&#8221;]<\/p>\n<p>The products are mechanically assembled which allows a simple disassembly during the recycling phase.<br \/>No material is permanently combined with another in order to be easily and quickly separated.<\/p>\n<p>[\/et_pb_text][\/et_pb_column][\/et_pb_row][et_pb_row _builder_version=&#8221;4.22.0&#8243; _module_preset=&#8221;default&#8221; global_colors_info=&#8221;{}&#8221;][et_pb_column type=&#8221;4_4&#8243; _builder_version=&#8221;4.22.0&#8243; _module_preset=&#8221;default&#8221; global_colors_info=&#8221;{}&#8221;][et_pb_divider show_divider=&#8221;off&#8221; _builder_version=&#8221;4.22.0&#8243; _module_preset=&#8221;default&#8221; global_colors_info=&#8221;{}&#8221;][\/et_pb_divider][\/et_pb_column][\/et_pb_row][\/et_pb_section]<\/p>","protected":false},"excerpt":{"rendered":"<p>Faire plus et mieux avec moinsNous r\u00eavons d&#8217;un monde responsable \u00e0 propulsion humaine. Le v\u00e9lo et son usager sont au centre de nos\u00a0 recherches et de nos d\u00e9veloppements. L\u2019\u00e9co-construction est un principe de base. Nous sommes profond\u00e9ment engag\u00e9s envers notre responsabilit\u00e9 environnementale et la durabilit\u00e9 de nos produits. Notre philosophie centrale tourne autour de l\u2019id\u00e9e [&hellip;]<\/p>","protected":false},"author":6,"featured_media":0,"parent":0,"menu_order":0,"comment_status":"closed","ping_status":"closed","template":"","meta":{"_et_pb_use_builder":"on","_et_pb_old_content":"","_et_gb_content_width":"","inline_featured_image":false,"footnotes":""},"class_list":["post-83522","page","type-page","status-publish","hentry"],"yoast_head":"<!-- This site is optimized with the Yoast SEO plugin v26.8 - https:\/\/yoast.com\/product\/yoast-seo-wordpress\/ -->\n<title>Philosophie &#8226; ROOL<\/title>\n<meta name=\"description\" content=\"L\u2019\u00e9co-construction est un principe de base. Nos solutions de transport \u00e0 v\u00e9lo sont durables, \u00e9volutives, facilement r\u00e9parables et recyclables\" \/>\n<meta name=\"robots\" content=\"index, follow, max-snippet:-1, max-image-preview:large, max-video-preview:-1\" \/>\n<link rel=\"canonical\" href=\"https:\/\/rool.be\/en\/philosophie\/\" \/>\n<meta property=\"og:locale\" content=\"en_GB\" \/>\n<meta property=\"og:type\" content=\"article\" \/>\n<meta property=\"og:title\" content=\"Philosophie &#8226; ROOL\" \/>\n<meta property=\"og:description\" content=\"L\u2019\u00e9co-construction est un principe de base. Nos solutions de transport \u00e0 v\u00e9lo sont durables, \u00e9volutives, facilement r\u00e9parables et recyclables\" \/>\n<meta property=\"og:url\" content=\"https:\/\/rool.be\/en\/philosophie\/\" \/>\n<meta property=\"og:site_name\" content=\"ROOL\" \/>\n<meta property=\"article:publisher\" content=\"https:\/\/www.facebook.com\/roolbrussels\/\" \/>\n<meta property=\"article:modified_time\" content=\"2025-05-13T13:31:13+00:00\" \/>\n<meta property=\"og:image\" content=\"https:\/\/rool.be\/wp-content\/uploads\/2021\/06\/Babbeleir2.jpg\" \/>\n\t<meta property=\"og:image:width\" content=\"1920\" \/>\n\t<meta property=\"og:image:height\" content=\"1080\" \/>\n\t<meta property=\"og:image:type\" content=\"image\/jpeg\" \/>\n<meta name=\"twitter:card\" content=\"summary_large_image\" \/>\n<meta name=\"twitter:label1\" content=\"Estimated reading time\" \/>\n\t<meta name=\"twitter:data1\" content=\"4 minutes\" \/>\n<script type=\"application\/ld+json\" class=\"yoast-schema-graph\">{\"@context\":\"https:\/\/schema.org\",\"@graph\":[{\"@type\":\"WebPage\",\"@id\":\"https:\/\/rool.be\/philosophie\/\",\"url\":\"https:\/\/rool.be\/philosophie\/\",\"name\":\"Philosophie &#8226; ROOL\",\"isPartOf\":{\"@id\":\"https:\/\/rool.be\/#website\"},\"datePublished\":\"2020-09-08T11:46:21+00:00\",\"dateModified\":\"2025-05-13T13:31:13+00:00\",\"description\":\"L\u2019\u00e9co-construction est un principe de base. Nos solutions de transport \u00e0 v\u00e9lo sont durables, \u00e9volutives, facilement r\u00e9parables et recyclables\",\"breadcrumb\":{\"@id\":\"https:\/\/rool.be\/philosophie\/#breadcrumb\"},\"inLanguage\":\"en-GB\",\"potentialAction\":[{\"@type\":\"ReadAction\",\"target\":[\"https:\/\/rool.be\/philosophie\/\"]}]},{\"@type\":\"BreadcrumbList\",\"@id\":\"https:\/\/rool.be\/philosophie\/#breadcrumb\",\"itemListElement\":[{\"@type\":\"ListItem\",\"position\":1,\"name\":\"Home\",\"item\":\"https:\/\/rool.be\/\"},{\"@type\":\"ListItem\",\"position\":2,\"name\":\"Philosophie\"}]},{\"@type\":\"WebSite\",\"@id\":\"https:\/\/rool.be\/#website\",\"url\":\"https:\/\/rool.be\/\",\"name\":\"ROOL\",\"description\":\"Manufacturer of Bike Trailers &amp; Custom Cargo Bikes\",\"publisher\":{\"@id\":\"https:\/\/rool.be\/#organization\"},\"potentialAction\":[{\"@type\":\"SearchAction\",\"target\":{\"@type\":\"EntryPoint\",\"urlTemplate\":\"https:\/\/rool.be\/?s={search_term_string}\"},\"query-input\":{\"@type\":\"PropertyValueSpecification\",\"valueRequired\":true,\"valueName\":\"search_term_string\"}}],\"inLanguage\":\"en-GB\"},{\"@type\":\"Organization\",\"@id\":\"https:\/\/rool.be\/#organization\",\"name\":\"Rool\",\"url\":\"https:\/\/rool.be\/\",\"logo\":{\"@type\":\"ImageObject\",\"inLanguage\":\"en-GB\",\"@id\":\"https:\/\/rool.be\/#\/schema\/logo\/image\/\",\"url\":\"http:\/\/rool.be\/wp-content\/uploads\/2020\/08\/ROOL_noir_1000px.png\",\"contentUrl\":\"http:\/\/rool.be\/wp-content\/uploads\/2020\/08\/ROOL_noir_1000px.png\",\"width\":1000,\"height\":260,\"caption\":\"Rool\"},\"image\":{\"@id\":\"https:\/\/rool.be\/#\/schema\/logo\/image\/\"},\"sameAs\":[\"https:\/\/www.facebook.com\/roolbrussels\/\",\"https:\/\/www.instagram.com\/roolbrussels\/\",\"https:\/\/www.linkedin.com\/company\/rool\/\"]}]}<\/script>\n<!-- \/ Yoast SEO plugin. -->","yoast_head_json":{"title":"Philosophie &#8226; ROOL","description":"L\u2019\u00e9co-construction est un principe de base. Nos solutions de transport \u00e0 v\u00e9lo sont durables, \u00e9volutives, facilement r\u00e9parables et recyclables","robots":{"index":"index","follow":"follow","max-snippet":"max-snippet:-1","max-image-preview":"max-image-preview:large","max-video-preview":"max-video-preview:-1"},"canonical":"https:\/\/rool.be\/en\/philosophie\/","og_locale":"en_GB","og_type":"article","og_title":"Philosophie &#8226; ROOL","og_description":"L\u2019\u00e9co-construction est un principe de base. Nos solutions de transport \u00e0 v\u00e9lo sont durables, \u00e9volutives, facilement r\u00e9parables et recyclables","og_url":"https:\/\/rool.be\/en\/philosophie\/","og_site_name":"ROOL","article_publisher":"https:\/\/www.facebook.com\/roolbrussels\/","article_modified_time":"2025-05-13T13:31:13+00:00","og_image":[{"width":1920,"height":1080,"url":"https:\/\/rool.be\/wp-content\/uploads\/2021\/06\/Babbeleir2.jpg","type":"image\/jpeg"}],"twitter_card":"summary_large_image","twitter_misc":{"Estimated reading time":"4 minutes"},"schema":{"@context":"https:\/\/schema.org","@graph":[{"@type":"WebPage","@id":"https:\/\/rool.be\/philosophie\/","url":"https:\/\/rool.be\/philosophie\/","name":"Philosophie &#8226; ROOL","isPartOf":{"@id":"https:\/\/rool.be\/#website"},"datePublished":"2020-09-08T11:46:21+00:00","dateModified":"2025-05-13T13:31:13+00:00","description":"L\u2019\u00e9co-construction est un principe de base. Nos solutions de transport \u00e0 v\u00e9lo sont durables, \u00e9volutives, facilement r\u00e9parables et recyclables","breadcrumb":{"@id":"https:\/\/rool.be\/philosophie\/#breadcrumb"},"inLanguage":"en-GB","potentialAction":[{"@type":"ReadAction","target":["https:\/\/rool.be\/philosophie\/"]}]},{"@type":"BreadcrumbList","@id":"https:\/\/rool.be\/philosophie\/#breadcrumb","itemListElement":[{"@type":"ListItem","position":1,"name":"Home","item":"https:\/\/rool.be\/"},{"@type":"ListItem","position":2,"name":"Philosophie"}]},{"@type":"WebSite","@id":"https:\/\/rool.be\/#website","url":"https:\/\/rool.be\/","name":"ROOL","description":"Manufacturer of Bike Trailers &amp; Custom Cargo Bikes","publisher":{"@id":"https:\/\/rool.be\/#organization"},"potentialAction":[{"@type":"SearchAction","target":{"@type":"EntryPoint","urlTemplate":"https:\/\/rool.be\/?s={search_term_string}"},"query-input":{"@type":"PropertyValueSpecification","valueRequired":true,"valueName":"search_term_string"}}],"inLanguage":"en-GB"},{"@type":"Organization","@id":"https:\/\/rool.be\/#organization","name":"Rool","url":"https:\/\/rool.be\/","logo":{"@type":"ImageObject","inLanguage":"en-GB","@id":"https:\/\/rool.be\/#\/schema\/logo\/image\/","url":"http:\/\/rool.be\/wp-content\/uploads\/2020\/08\/ROOL_noir_1000px.png","contentUrl":"http:\/\/rool.be\/wp-content\/uploads\/2020\/08\/ROOL_noir_1000px.png","width":1000,"height":260,"caption":"Rool"},"image":{"@id":"https:\/\/rool.be\/#\/schema\/logo\/image\/"},"sameAs":["https:\/\/www.facebook.com\/roolbrussels\/","https:\/\/www.instagram.com\/roolbrussels\/","https:\/\/www.linkedin.com\/company\/rool\/"]}]}},"_links":{"self":[{"href":"https:\/\/rool.be\/en\/wp-json\/wp\/v2\/pages\/83522","targetHints":{"allow":["GET"]}}],"collection":[{"href":"https:\/\/rool.be\/en\/wp-json\/wp\/v2\/pages"}],"about":[{"href":"https:\/\/rool.be\/en\/wp-json\/wp\/v2\/types\/page"}],"author":[{"embeddable":true,"href":"https:\/\/rool.be\/en\/wp-json\/wp\/v2\/users\/6"}],"replies":[{"embeddable":true,"href":"https:\/\/rool.be\/en\/wp-json\/wp\/v2\/comments?post=83522"}],"version-history":[{"count":163,"href":"https:\/\/rool.be\/en\/wp-json\/wp\/v2\/pages\/83522\/revisions"}],"predecessor-version":[{"id":237884,"href":"https:\/\/rool.be\/en\/wp-json\/wp\/v2\/pages\/83522\/revisions\/237884"}],"wp:attachment":[{"href":"https:\/\/rool.be\/en\/wp-json\/wp\/v2\/media?parent=83522"}],"curies":[{"name":"wp","href":"https:\/\/api.w.org\/{rel}","templated":true}]}}