{"id":235428,"date":"2022-10-31T11:17:00","date_gmt":"2022-10-31T10:17:00","guid":{"rendered":"http:\/\/rool.be\/?page_id=235428"},"modified":"2026-01-27T21:37:53","modified_gmt":"2026-01-27T20:37:53","slug":"willy-instructions-montage","status":"publish","type":"page","link":"https:\/\/rool.be\/fr\/willy-instructions-montage\/","title":{"rendered":"Instructions de montage de Willy"},"content":{"rendered":"<p>[et_pb_section fb_built=&#8221;1&#8243; custom_padding_last_edited=&#8221;on|phone&#8221; _builder_version=&#8221;4.22.0&#8243; _module_preset=&#8221;default&#8221; custom_padding=&#8221;150px||0px||false|false&#8221; custom_padding_tablet=&#8221;150px||0px||false|false&#8221; custom_padding_phone=&#8221;150px||0px||false|false&#8221; collapsed=&#8221;off&#8221; global_colors_info=&#8221;{}&#8221;][et_pb_row column_structure=&#8221;1_2,1_2&#8243; admin_label=&#8221;Instructions&#8221; _builder_version=&#8221;4.22.0&#8243; _module_preset=&#8221;default&#8221; width_tablet=&#8221;&#8221; width_phone=&#8221;90%&#8221; width_last_edited=&#8221;on|phone&#8221; max_width=&#8221;2560px&#8221; custom_padding=&#8221;||50px||false|false&#8221; collapsed=&#8221;off&#8221; global_colors_info=&#8221;{}&#8221;][et_pb_column type=&#8221;1_2&#8243; _builder_version=&#8221;4.18.0&#8243; _module_preset=&#8221;default&#8221; global_colors_info=&#8221;{}&#8221;][et_pb_divider show_divider=&#8221;off&#8221; _builder_version=&#8221;4.27.4&#8243; _module_preset=&#8221;default&#8221; global_colors_info=&#8221;{}&#8221;][\/et_pb_divider][et_pb_text _builder_version=&#8221;4.22.0&#8243; _module_preset=&#8221;default&#8221; text_font_size=&#8221;1.6rem&#8221; text_letter_spacing=&#8221;1px&#8221; text_line_height=&#8221;1em&#8221; global_colors_info=&#8221;{}&#8221;]<\/p>\n<p>Le montage de Willy est un jeu d&#8217;enfant. Suivez les instructions ci-dessous pour vous guider.<\/p>\n<p>[\/et_pb_text][\/et_pb_column][et_pb_column type=&#8221;1_2&#8243; _builder_version=&#8221;4.18.0&#8243; _module_preset=&#8221;default&#8221; global_colors_info=&#8221;{}&#8221;][\/et_pb_column][\/et_pb_row][et_pb_row column_structure=&#8221;2_5,3_5&#8243; disabled_on=&#8221;off|off|off&#8221; admin_label=&#8221;Montage Willy Light&#8221; _builder_version=&#8221;4.27.4&#8243; _module_preset=&#8221;default&#8221; width_tablet=&#8221;&#8221; width_phone=&#8221;90%&#8221; width_last_edited=&#8221;on|phone&#8221; max_width=&#8221;2560px&#8221; custom_padding=&#8221;||75px||false|false&#8221; collapsed=&#8221;on&#8221; global_colors_info=&#8221;{}&#8221;][et_pb_column type=&#8221;2_5&#8243; _builder_version=&#8221;4.18.0&#8243; _module_preset=&#8221;default&#8221; global_colors_info=&#8221;{}&#8221;][et_pb_text _builder_version=&#8221;4.27.4&#8243; _module_preset=&#8221;default&#8221; text_font_size=&#8221;1.6rem&#8221; text_letter_spacing=&#8221;1px&#8221; text_line_height=&#8221;1em&#8221; global_colors_info=&#8221;{}&#8221;]<\/p>\n<p><strong>Montage de Willy Light<\/strong><\/p>\n<p>[\/et_pb_text][et_pb_divider _builder_version=&#8221;4.19.0&#8243; _module_preset=&#8221;default&#8221; custom_margin=&#8221;0px||0px||true|false&#8221; custom_padding=&#8221;0px||0px||true|false&#8221; global_colors_info=&#8221;{}&#8221;][\/et_pb_divider][et_pb_text _builder_version=&#8221;4.27.4&#8243; _module_preset=&#8221;default&#8221; text_font_size=&#8221;1.6rem&#8221; text_letter_spacing=&#8221;1px&#8221; text_line_height=&#8221;1em&#8221; custom_padding_tablet=&#8221;&#8221; custom_padding_phone=&#8221;||30px||false|false&#8221; custom_padding_last_edited=&#8221;on|phone&#8221; global_colors_info=&#8221;{}&#8221;]<\/p>\n<p>Pour assembler votre Willy Light, commencez par fixer les roues en inversant leur position, puis serrez fermement les vis. Ensuite, ins\u00e9rez le bras dans le tube du cadre en veillant \u00e0 orienter le coude vers l\u2019ext\u00e9rieur. Passez les deux vis \u00e0 travers le cadre et le bras, puis fixez-les solidement avec les \u00e9crous. Votre Willy Light est pr\u00eat \u00e0 l\u2019emploi !<\/p>\n<p>[\/et_pb_text][\/et_pb_column][et_pb_column type=&#8221;3_5&#8243; _builder_version=&#8221;4.18.0&#8243; _module_preset=&#8221;default&#8221; global_colors_info=&#8221;{}&#8221;][et_pb_video src=&#8221;https:\/\/youtu.be\/xeVc6uPcpU4&#8243; _builder_version=&#8221;4.27.4&#8243; _module_preset=&#8221;default&#8221; width=&#8221;73%&#8221; width_tablet=&#8221;100%&#8221; width_phone=&#8221;100%&#8221; width_last_edited=&#8221;on|desktop&#8221; module_alignment=&#8221;center&#8221; global_colors_info=&#8221;{}&#8221;][\/et_pb_video][\/et_pb_column][\/et_pb_row][et_pb_row column_structure=&#8221;2_5,3_5&#8243; admin_label=&#8221;Montage de Willy&#8221; _builder_version=&#8221;4.22.0&#8243; _module_preset=&#8221;default&#8221; width_tablet=&#8221;&#8221; width_phone=&#8221;90%&#8221; width_last_edited=&#8221;on|phone&#8221; max_width=&#8221;2560px&#8221; custom_padding=&#8221;||50px||false|false&#8221; collapsed=&#8221;off&#8221; global_colors_info=&#8221;{}&#8221;][et_pb_column type=&#8221;2_5&#8243; _builder_version=&#8221;4.18.0&#8243; _module_preset=&#8221;default&#8221; global_colors_info=&#8221;{}&#8221;][et_pb_text admin_label=&#8221;Text&#8221; _builder_version=&#8221;4.27.4&#8243; _module_preset=&#8221;default&#8221; text_font_size=&#8221;1.6rem&#8221; text_letter_spacing=&#8221;1px&#8221; text_line_height=&#8221;1em&#8221; global_colors_info=&#8221;{}&#8221;]<\/p>\n<p><strong>Montage de Willy Trailer<\/strong><\/p>\n<p>[\/et_pb_text][et_pb_divider _builder_version=&#8221;4.19.0&#8243; _module_preset=&#8221;default&#8221; custom_margin=&#8221;0px||0px||true|false&#8221; custom_padding=&#8221;0px||0px||true|false&#8221; global_colors_info=&#8221;{}&#8221;][\/et_pb_divider][et_pb_text _builder_version=&#8221;4.24.2&#8243; _module_preset=&#8221;default&#8221; text_font_size=&#8221;1.6rem&#8221; text_letter_spacing=&#8221;1px&#8221; text_line_height=&#8221;1em&#8221; custom_padding_tablet=&#8221;&#8221; custom_padding_phone=&#8221;||30px||false|false&#8221; custom_padding_last_edited=&#8221;on|phone&#8221; global_colors_info=&#8221;{}&#8221;]<\/p>\n<p>Avant d&#8217;utiliser Willy, il vous suffit d&#8217;assembler le bras de la remorque. Pour cela, deux positions sont possibles. La position basse pour les v\u00e9los \u00e0 petites roues et la position haute pour les grandes roues. Ces positions permettent au plateau de la remorque d\u2019\u00eatre le plus horizontal possible.<\/p>\n<div id=\"ConnectiveDocSignExtentionInstalled\" data-extension-version=\"1.0.4\">\u00a0<\/div>\n<p>[\/et_pb_text][\/et_pb_column][et_pb_column type=&#8221;3_5&#8243; _builder_version=&#8221;4.18.0&#8243; _module_preset=&#8221;default&#8221; global_colors_info=&#8221;{}&#8221;][et_pb_video src=&#8221;https:\/\/youtu.be\/dhGKkdCXt84&#8243; _builder_version=&#8221;4.27.5&#8243; _module_preset=&#8221;default&#8221; width=&#8221;73%&#8221; width_tablet=&#8221;100%&#8221; width_phone=&#8221;100%&#8221; width_last_edited=&#8221;on|desktop&#8221; module_alignment=&#8221;center&#8221; global_colors_info=&#8221;{}&#8221;][\/et_pb_video][\/et_pb_column][\/et_pb_row][et_pb_row column_structure=&#8221;2_5,3_5&#8243; disabled_on=&#8221;off|off|off&#8221; admin_label=&#8221;Willy Cargo&#8221; _builder_version=&#8221;4.27.4&#8243; _module_preset=&#8221;default&#8221; width_tablet=&#8221;&#8221; width_phone=&#8221;90%&#8221; width_last_edited=&#8221;on|phone&#8221; max_width=&#8221;2560px&#8221; custom_padding=&#8221;||75px||false|false&#8221; collapsed=&#8221;off&#8221; global_colors_info=&#8221;{}&#8221;][et_pb_column type=&#8221;2_5&#8243; _builder_version=&#8221;4.18.0&#8243; _module_preset=&#8221;default&#8221; global_colors_info=&#8221;{}&#8221;][et_pb_text admin_label=&#8221;Text&#8221; _builder_version=&#8221;4.27.4&#8243; _module_preset=&#8221;default&#8221; text_font_size=&#8221;1.6rem&#8221; text_letter_spacing=&#8221;1px&#8221; text_line_height=&#8221;1em&#8221; global_colors_info=&#8221;{}&#8221;]<\/p>\n<p><strong>Montage de Willy Cargo<\/strong><\/p>\n<p>[\/et_pb_text][et_pb_divider _builder_version=&#8221;4.19.0&#8243; _module_preset=&#8221;default&#8221; custom_margin=&#8221;0px||0px||true|false&#8221; custom_padding=&#8221;0px||0px||true|false&#8221; global_colors_info=&#8221;{}&#8221;][\/et_pb_divider][et_pb_text _builder_version=&#8221;4.27.4&#8243; _module_preset=&#8221;default&#8221; text_font_size=&#8221;1.6rem&#8221; text_letter_spacing=&#8221;1px&#8221; text_line_height=&#8221;1em&#8221; custom_padding_tablet=&#8221;&#8221; custom_padding_phone=&#8221;||30px||false|false&#8221; custom_padding_last_edited=&#8221;on|phone&#8221; global_colors_info=&#8221;{}&#8221;]<\/p>\n<p>Pour monter votre Willy Cargo, fixez d&#8217;abord les roues comme indiqu\u00e9 dans la vid\u00e9o. Serrez fermement les vis, puis desserrez-les d\u2019un quart de tour pour garantir une rotation fluide. Ins\u00e9rez ensuite le bras dans le tube du cadre en orientant le coude vers l\u2019ext\u00e9rieur. Alignez les trous, ins\u00e9rez les vis et fixez-les avec les \u00e9crous. Votre Willy Cargo est pr\u00eat\u202f!<\/p>\n<p>[\/et_pb_text][\/et_pb_column][et_pb_column type=&#8221;3_5&#8243; _builder_version=&#8221;4.18.0&#8243; _module_preset=&#8221;default&#8221; global_colors_info=&#8221;{}&#8221;][et_pb_video src=&#8221;https:\/\/youtu.be\/-5zjhd-q3Oo&#8221; _builder_version=&#8221;4.27.5&#8243; _module_preset=&#8221;default&#8221; width=&#8221;73%&#8221; width_tablet=&#8221;100%&#8221; width_phone=&#8221;100%&#8221; width_last_edited=&#8221;on|desktop&#8221; module_alignment=&#8221;center&#8221; hover_enabled=&#8221;0&#8243; global_colors_info=&#8221;{}&#8221; sticky_enabled=&#8221;0&#8243;][\/et_pb_video][\/et_pb_column][\/et_pb_row][\/et_pb_section]<\/p>\n","protected":false},"excerpt":{"rendered":"<p>Le montage de Willy est un jeu d&#8217;enfant. Suivez les instructions ci-dessous pour vous guider.Montage de Willy LightPour assembler votre Willy Light, commencez par fixer les roues en inversant leur position, puis serrez fermement les vis. Ensuite, ins\u00e9rez le bras dans le tube du cadre en veillant \u00e0 orienter le coude vers l\u2019ext\u00e9rieur. Passez les [&hellip;]<\/p>\n","protected":false},"author":6,"featured_media":0,"parent":0,"menu_order":0,"comment_status":"closed","ping_status":"closed","template":"","meta":{"_et_pb_use_builder":"on","_et_pb_old_content":"","_et_gb_content_width":"","inline_featured_image":false,"footnotes":""},"class_list":["post-235428","page","type-page","status-publish","hentry"],"yoast_head":"<!-- This site is optimized with the Yoast SEO plugin v26.8 - https:\/\/yoast.com\/product\/yoast-seo-wordpress\/ -->\n<title>Instructions de montage de Willy &#8226; ROOL<\/title>\n<meta name=\"robots\" content=\"index, follow, max-snippet:-1, max-image-preview:large, max-video-preview:-1\" \/>\n<link rel=\"canonical\" href=\"https:\/\/rool.be\/fr\/willy-instructions-montage\/\" \/>\n<meta property=\"og:locale\" content=\"fr_FR\" \/>\n<meta property=\"og:type\" content=\"article\" \/>\n<meta property=\"og:title\" content=\"Instructions de montage de Willy &#8226; ROOL\" \/>\n<meta property=\"og:description\" content=\"Le montage de Willy est un jeu d&#039;enfant. Suivez les instructions ci-dessous pour vous guider.Montage de Willy LightPour assembler votre Willy Light, commencez par fixer les roues en inversant leur position, puis serrez fermement les vis. Ensuite, ins\u00e9rez le bras dans le tube du cadre en veillant \u00e0 orienter le coude vers l\u2019ext\u00e9rieur. Passez les [&hellip;]\" \/>\n<meta property=\"og:url\" content=\"https:\/\/rool.be\/fr\/willy-instructions-montage\/\" \/>\n<meta property=\"og:site_name\" content=\"ROOL\" \/>\n<meta property=\"article:publisher\" content=\"https:\/\/www.facebook.com\/roolbrussels\/\" \/>\n<meta property=\"article:modified_time\" content=\"2026-01-27T20:37:53+00:00\" \/>\n<meta property=\"og:image\" content=\"https:\/\/rool.be\/wp-content\/uploads\/2021\/06\/Babbeleir2.jpg\" \/>\n\t<meta property=\"og:image:width\" content=\"1920\" \/>\n\t<meta property=\"og:image:height\" content=\"1080\" \/>\n\t<meta property=\"og:image:type\" content=\"image\/jpeg\" \/>\n<meta name=\"twitter:card\" content=\"summary_large_image\" \/>\n<meta name=\"twitter:label1\" content=\"Dur\u00e9e de lecture est.\" \/>\n\t<meta name=\"twitter:data1\" content=\"1 minute\" \/>\n<script type=\"application\/ld+json\" class=\"yoast-schema-graph\">{\"@context\":\"https:\/\/schema.org\",\"@graph\":[{\"@type\":\"WebPage\",\"@id\":\"https:\/\/rool.be\/willy-instructions-montage\/\",\"url\":\"https:\/\/rool.be\/willy-instructions-montage\/\",\"name\":\"Instructions de montage de Willy &#8226; ROOL\",\"isPartOf\":{\"@id\":\"https:\/\/rool.be\/#website\"},\"datePublished\":\"2022-10-31T10:17:00+00:00\",\"dateModified\":\"2026-01-27T20:37:53+00:00\",\"breadcrumb\":{\"@id\":\"https:\/\/rool.be\/willy-instructions-montage\/#breadcrumb\"},\"inLanguage\":\"fr-BE\",\"potentialAction\":[{\"@type\":\"ReadAction\",\"target\":[\"https:\/\/rool.be\/willy-instructions-montage\/\"]}]},{\"@type\":\"BreadcrumbList\",\"@id\":\"https:\/\/rool.be\/willy-instructions-montage\/#breadcrumb\",\"itemListElement\":[{\"@type\":\"ListItem\",\"position\":1,\"name\":\"Home\",\"item\":\"https:\/\/rool.be\/\"},{\"@type\":\"ListItem\",\"position\":2,\"name\":\"Instructions de montage de Willy\"}]},{\"@type\":\"WebSite\",\"@id\":\"https:\/\/rool.be\/#website\",\"url\":\"https:\/\/rool.be\/\",\"name\":\"ROOL\",\"description\":\"Manufacturer of Bike Trailers &amp; Custom Cargo Bikes\",\"publisher\":{\"@id\":\"https:\/\/rool.be\/#organization\"},\"potentialAction\":[{\"@type\":\"SearchAction\",\"target\":{\"@type\":\"EntryPoint\",\"urlTemplate\":\"https:\/\/rool.be\/?s={search_term_string}\"},\"query-input\":{\"@type\":\"PropertyValueSpecification\",\"valueRequired\":true,\"valueName\":\"search_term_string\"}}],\"inLanguage\":\"fr-BE\"},{\"@type\":\"Organization\",\"@id\":\"https:\/\/rool.be\/#organization\",\"name\":\"Rool\",\"url\":\"https:\/\/rool.be\/\",\"logo\":{\"@type\":\"ImageObject\",\"inLanguage\":\"fr-BE\",\"@id\":\"https:\/\/rool.be\/#\/schema\/logo\/image\/\",\"url\":\"http:\/\/rool.be\/wp-content\/uploads\/2020\/08\/ROOL_noir_1000px.png\",\"contentUrl\":\"http:\/\/rool.be\/wp-content\/uploads\/2020\/08\/ROOL_noir_1000px.png\",\"width\":1000,\"height\":260,\"caption\":\"Rool\"},\"image\":{\"@id\":\"https:\/\/rool.be\/#\/schema\/logo\/image\/\"},\"sameAs\":[\"https:\/\/www.facebook.com\/roolbrussels\/\",\"https:\/\/www.instagram.com\/roolbrussels\/\",\"https:\/\/www.linkedin.com\/company\/rool\/\"]}]}<\/script>\n<!-- \/ Yoast SEO plugin. -->","yoast_head_json":{"title":"Instructions de montage de Willy &#8226; ROOL","robots":{"index":"index","follow":"follow","max-snippet":"max-snippet:-1","max-image-preview":"max-image-preview:large","max-video-preview":"max-video-preview:-1"},"canonical":"https:\/\/rool.be\/fr\/willy-instructions-montage\/","og_locale":"fr_FR","og_type":"article","og_title":"Instructions de montage de Willy &#8226; ROOL","og_description":"Le montage de Willy est un jeu d'enfant. Suivez les instructions ci-dessous pour vous guider.Montage de Willy LightPour assembler votre Willy Light, commencez par fixer les roues en inversant leur position, puis serrez fermement les vis. Ensuite, ins\u00e9rez le bras dans le tube du cadre en veillant \u00e0 orienter le coude vers l\u2019ext\u00e9rieur. Passez les [&hellip;]","og_url":"https:\/\/rool.be\/fr\/willy-instructions-montage\/","og_site_name":"ROOL","article_publisher":"https:\/\/www.facebook.com\/roolbrussels\/","article_modified_time":"2026-01-27T20:37:53+00:00","og_image":[{"width":1920,"height":1080,"url":"https:\/\/rool.be\/wp-content\/uploads\/2021\/06\/Babbeleir2.jpg","type":"image\/jpeg"}],"twitter_card":"summary_large_image","twitter_misc":{"Dur\u00e9e de lecture est.":"1 minute"},"schema":{"@context":"https:\/\/schema.org","@graph":[{"@type":"WebPage","@id":"https:\/\/rool.be\/willy-instructions-montage\/","url":"https:\/\/rool.be\/willy-instructions-montage\/","name":"Instructions de montage de Willy &#8226; ROOL","isPartOf":{"@id":"https:\/\/rool.be\/#website"},"datePublished":"2022-10-31T10:17:00+00:00","dateModified":"2026-01-27T20:37:53+00:00","breadcrumb":{"@id":"https:\/\/rool.be\/willy-instructions-montage\/#breadcrumb"},"inLanguage":"fr-BE","potentialAction":[{"@type":"ReadAction","target":["https:\/\/rool.be\/willy-instructions-montage\/"]}]},{"@type":"BreadcrumbList","@id":"https:\/\/rool.be\/willy-instructions-montage\/#breadcrumb","itemListElement":[{"@type":"ListItem","position":1,"name":"Home","item":"https:\/\/rool.be\/"},{"@type":"ListItem","position":2,"name":"Instructions de montage de Willy"}]},{"@type":"WebSite","@id":"https:\/\/rool.be\/#website","url":"https:\/\/rool.be\/","name":"ROOL","description":"Manufacturer of Bike Trailers &amp; Custom Cargo Bikes","publisher":{"@id":"https:\/\/rool.be\/#organization"},"potentialAction":[{"@type":"SearchAction","target":{"@type":"EntryPoint","urlTemplate":"https:\/\/rool.be\/?s={search_term_string}"},"query-input":{"@type":"PropertyValueSpecification","valueRequired":true,"valueName":"search_term_string"}}],"inLanguage":"fr-BE"},{"@type":"Organization","@id":"https:\/\/rool.be\/#organization","name":"Rool","url":"https:\/\/rool.be\/","logo":{"@type":"ImageObject","inLanguage":"fr-BE","@id":"https:\/\/rool.be\/#\/schema\/logo\/image\/","url":"http:\/\/rool.be\/wp-content\/uploads\/2020\/08\/ROOL_noir_1000px.png","contentUrl":"http:\/\/rool.be\/wp-content\/uploads\/2020\/08\/ROOL_noir_1000px.png","width":1000,"height":260,"caption":"Rool"},"image":{"@id":"https:\/\/rool.be\/#\/schema\/logo\/image\/"},"sameAs":["https:\/\/www.facebook.com\/roolbrussels\/","https:\/\/www.instagram.com\/roolbrussels\/","https:\/\/www.linkedin.com\/company\/rool\/"]}]}},"_links":{"self":[{"href":"https:\/\/rool.be\/fr\/wp-json\/wp\/v2\/pages\/235428","targetHints":{"allow":["GET"]}}],"collection":[{"href":"https:\/\/rool.be\/fr\/wp-json\/wp\/v2\/pages"}],"about":[{"href":"https:\/\/rool.be\/fr\/wp-json\/wp\/v2\/types\/page"}],"author":[{"embeddable":true,"href":"https:\/\/rool.be\/fr\/wp-json\/wp\/v2\/users\/6"}],"replies":[{"embeddable":true,"href":"https:\/\/rool.be\/fr\/wp-json\/wp\/v2\/comments?post=235428"}],"version-history":[{"count":53,"href":"https:\/\/rool.be\/fr\/wp-json\/wp\/v2\/pages\/235428\/revisions"}],"predecessor-version":[{"id":238038,"href":"https:\/\/rool.be\/fr\/wp-json\/wp\/v2\/pages\/235428\/revisions\/238038"}],"wp:attachment":[{"href":"https:\/\/rool.be\/fr\/wp-json\/wp\/v2\/media?parent=235428"}],"curies":[{"name":"wp","href":"https:\/\/api.w.org\/{rel}","templated":true}]}}